{"id":273,"date":"2021-02-10T16:29:49","date_gmt":"2021-02-10T21:29:49","guid":{"rendered":"https:\/\/www.cascadesflufftuff.com\/faq\/"},"modified":"2025-11-10T15:28:05","modified_gmt":"2025-11-10T20:28:05","slug":"faq","status":"publish","type":"page","link":"https:\/\/www.cascadesflufftuff.com\/fr\/a-propos\/faq","title":{"rendered":"FAQ"},"content":{"rendered":"","protected":false},"excerpt":{"rendered":"","protected":false},"author":2,"featured_media":15442,"parent":0,"menu_order":10,"comment_status":"closed","ping_status":"closed","template":"","meta":{"footnotes":""},"type_de_page":[157],"class_list":["post-273","page","type-page","status-publish","has-post-thumbnail","hentry","type_de_page-faq"],"acf":[],"yoast_head":"<!-- This site is optimized with the Yoast SEO plugin v20.12 - https:\/\/yoast.com\/wordpress\/plugins\/seo\/ -->\n<title>Trouvez r\u00e9ponses \u00e0 vos questions dans la FAQ - Cascades<\/title>\n<meta name=\"description\" content=\"La foire aux questions (FAQ) - Nous r\u00e9pondons \u00e0 vos questions les plus demand\u00e9es. Si nous n&#039;avons pas encore r\u00e9pondu \u00e0 votre question, \u00e9crivez-nous !\" \/>\n<meta name=\"robots\" content=\"index, follow, max-snippet:-1, max-image-preview:large, max-video-preview:-1\" \/>\n<link rel=\"canonical\" href=\"https:\/\/www.cascadesflufftuff.com\/fr\/a-propos\/faq\" \/>\n<meta property=\"og:locale\" content=\"fr_CA\" \/>\n<meta property=\"og:type\" content=\"article\" \/>\n<meta property=\"og:title\" content=\"Trouvez r\u00e9ponses \u00e0 vos questions dans la FAQ - Cascades\" \/>\n<meta property=\"og:description\" content=\"La foire aux questions (FAQ) - Nous r\u00e9pondons \u00e0 vos questions les plus demand\u00e9es. Si nous n&#039;avons pas encore r\u00e9pondu \u00e0 votre question, \u00e9crivez-nous !\" \/>\n<meta property=\"og:url\" content=\"https:\/\/www.cascadesflufftuff.com\/fr\/a-propos\/faq\" \/>\n<meta property=\"og:site_name\" content=\"Cascades Fluff &amp; Tuff\" \/>\n<meta property=\"article:publisher\" content=\"https:\/\/www.facebook.com\/CascadesFluffTuff\/\" \/>\n<meta property=\"article:modified_time\" content=\"2025-11-10T20:28:05+00:00\" \/>\n<meta property=\"og:image\" content=\"https:\/\/www.cascadesflufftuff.com\/wp-content\/uploads\/2023\/06\/faq-cascades-1024x427-min.jpg\" \/>\n\t<meta property=\"og:image:width\" content=\"1024\" \/>\n\t<meta property=\"og:image:height\" content=\"427\" \/>\n\t<meta property=\"og:image:type\" content=\"image\/jpeg\" \/>\n<meta name=\"twitter:card\" content=\"summary_large_image\" \/>\n<script type=\"application\/ld+json\" class=\"yoast-schema-graph\">{\"@context\":\"https:\/\/schema.org\",\"@graph\":[{\"@type\":\"WebPage\",\"@id\":\"https:\/\/www.cascadesflufftuff.com\/fr\/a-propos\/faq\",\"url\":\"https:\/\/www.cascadesflufftuff.com\/fr\/a-propos\/faq\",\"name\":\"Trouvez r\u00e9ponses \u00e0 vos questions dans la FAQ - Cascades\",\"isPartOf\":{\"@id\":\"https:\/\/www.cascadesflufftuff.com\/fr\/#website\"},\"datePublished\":\"2021-02-10T21:29:49+00:00\",\"dateModified\":\"2025-11-10T20:28:05+00:00\",\"description\":\"La foire aux questions (FAQ) - Nous r\u00e9pondons \u00e0 vos questions les plus demand\u00e9es. Si nous n'avons pas encore r\u00e9pondu \u00e0 votre question, \u00e9crivez-nous !\",\"breadcrumb\":{\"@id\":\"https:\/\/www.cascadesflufftuff.com\/fr\/a-propos\/faq#breadcrumb\"},\"inLanguage\":\"fr-CA\",\"potentialAction\":[{\"@type\":\"ReadAction\",\"target\":[\"https:\/\/www.cascadesflufftuff.com\/fr\/a-propos\/faq\"]}]},{\"@type\":\"BreadcrumbList\",\"@id\":\"https:\/\/www.cascadesflufftuff.com\/fr\/a-propos\/faq#breadcrumb\",\"itemListElement\":[{\"@type\":\"ListItem\",\"position\":1,\"name\":\"Accueil\",\"item\":\"https:\/\/www.cascadesflufftuff.com\/fr\"},{\"@type\":\"ListItem\",\"position\":2,\"name\":\"FAQ\"}]},{\"@type\":\"WebSite\",\"@id\":\"https:\/\/www.cascadesflufftuff.com\/fr\/#website\",\"url\":\"https:\/\/www.cascadesflufftuff.com\/fr\/\",\"name\":\"Cascades Fluff &amp; Tuff\",\"description\":\"Cascades\",\"publisher\":{\"@id\":\"https:\/\/www.cascadesflufftuff.com\/fr\/#organization\"},\"potentialAction\":[{\"@type\":\"SearchAction\",\"target\":{\"@type\":\"EntryPoint\",\"urlTemplate\":\"https:\/\/www.cascadesflufftuff.com\/fr\/?s={search_term_string}\"},\"query-input\":\"required name=search_term_string\"}],\"inLanguage\":\"fr-CA\"},{\"@type\":\"Organization\",\"@id\":\"https:\/\/www.cascadesflufftuff.com\/fr\/#organization\",\"name\":\"Cascades Fluff Tuff\",\"url\":\"https:\/\/www.cascadesflufftuff.com\/fr\/\",\"logo\":{\"@type\":\"ImageObject\",\"inLanguage\":\"fr-CA\",\"@id\":\"https:\/\/www.cascadesflufftuff.com\/fr\/#\/schema\/logo\/image\/\",\"url\":\"https:\/\/www.cascadesflufftuff.com\/wp-content\/uploads\/2020\/04\/logo-cascades-fluff-tuff-green.svg\",\"contentUrl\":\"https:\/\/www.cascadesflufftuff.com\/wp-content\/uploads\/2020\/04\/logo-cascades-fluff-tuff-green.svg\",\"width\":1,\"height\":1,\"caption\":\"Cascades Fluff Tuff\"},\"image\":{\"@id\":\"https:\/\/www.cascadesflufftuff.com\/fr\/#\/schema\/logo\/image\/\"},\"sameAs\":[\"https:\/\/www.facebook.com\/CascadesFluffTuff\/\",\"https:\/\/www.instagram.com\/cascadesflufftuff\/\",\"https:\/\/www.linkedin.com\/company\/cascades-fluff-tuff\/about\/\",\"https:\/\/www.youtube.com\/channel\/UCZDi5i4ypQNsbbfaltRly8w\",\"https:\/\/fr.wikipedia.org\/wiki\/Cascades_(entreprise)\"]}]}<\/script>\n<!-- \/ Yoast SEO plugin. -->","yoast_head_json":{"title":"Trouvez r\u00e9ponses \u00e0 vos questions dans la FAQ - Cascades","description":"La foire aux questions (FAQ) - Nous r\u00e9pondons \u00e0 vos questions les plus demand\u00e9es. Si nous n'avons pas encore r\u00e9pondu \u00e0 votre question, \u00e9crivez-nous !","robots":{"index":"index","follow":"follow","max-snippet":"max-snippet:-1","max-image-preview":"max-image-preview:large","max-video-preview":"max-video-preview:-1"},"canonical":"https:\/\/www.cascadesflufftuff.com\/fr\/a-propos\/faq","og_locale":"fr_CA","og_type":"article","og_title":"Trouvez r\u00e9ponses \u00e0 vos questions dans la FAQ - Cascades","og_description":"La foire aux questions (FAQ) - Nous r\u00e9pondons \u00e0 vos questions les plus demand\u00e9es. Si nous n'avons pas encore r\u00e9pondu \u00e0 votre question, \u00e9crivez-nous !","og_url":"https:\/\/www.cascadesflufftuff.com\/fr\/a-propos\/faq","og_site_name":"Cascades Fluff &amp; Tuff","article_publisher":"https:\/\/www.facebook.com\/CascadesFluffTuff\/","article_modified_time":"2025-11-10T20:28:05+00:00","og_image":[{"width":1024,"height":427,"url":"https:\/\/www.cascadesflufftuff.com\/wp-content\/uploads\/2023\/06\/faq-cascades-1024x427-min.jpg","type":"image\/jpeg"}],"twitter_card":"summary_large_image","schema":{"@context":"https:\/\/schema.org","@graph":[{"@type":"WebPage","@id":"https:\/\/www.cascadesflufftuff.com\/fr\/a-propos\/faq","url":"https:\/\/www.cascadesflufftuff.com\/fr\/a-propos\/faq","name":"Trouvez r\u00e9ponses \u00e0 vos questions dans la FAQ - Cascades","isPartOf":{"@id":"https:\/\/www.cascadesflufftuff.com\/fr\/#website"},"datePublished":"2021-02-10T21:29:49+00:00","dateModified":"2025-11-10T20:28:05+00:00","description":"La foire aux questions (FAQ) - Nous r\u00e9pondons \u00e0 vos questions les plus demand\u00e9es. Si nous n'avons pas encore r\u00e9pondu \u00e0 votre question, \u00e9crivez-nous !","breadcrumb":{"@id":"https:\/\/www.cascadesflufftuff.com\/fr\/a-propos\/faq#breadcrumb"},"inLanguage":"fr-CA","potentialAction":[{"@type":"ReadAction","target":["https:\/\/www.cascadesflufftuff.com\/fr\/a-propos\/faq"]}]},{"@type":"BreadcrumbList","@id":"https:\/\/www.cascadesflufftuff.com\/fr\/a-propos\/faq#breadcrumb","itemListElement":[{"@type":"ListItem","position":1,"name":"Accueil","item":"https:\/\/www.cascadesflufftuff.com\/fr"},{"@type":"ListItem","position":2,"name":"FAQ"}]},{"@type":"WebSite","@id":"https:\/\/www.cascadesflufftuff.com\/fr\/#website","url":"https:\/\/www.cascadesflufftuff.com\/fr\/","name":"Cascades Fluff &amp; Tuff","description":"Cascades","publisher":{"@id":"https:\/\/www.cascadesflufftuff.com\/fr\/#organization"},"potentialAction":[{"@type":"SearchAction","target":{"@type":"EntryPoint","urlTemplate":"https:\/\/www.cascadesflufftuff.com\/fr\/?s={search_term_string}"},"query-input":"required name=search_term_string"}],"inLanguage":"fr-CA"},{"@type":"Organization","@id":"https:\/\/www.cascadesflufftuff.com\/fr\/#organization","name":"Cascades Fluff Tuff","url":"https:\/\/www.cascadesflufftuff.com\/fr\/","logo":{"@type":"ImageObject","inLanguage":"fr-CA","@id":"https:\/\/www.cascadesflufftuff.com\/fr\/#\/schema\/logo\/image\/","url":"https:\/\/www.cascadesflufftuff.com\/wp-content\/uploads\/2020\/04\/logo-cascades-fluff-tuff-green.svg","contentUrl":"https:\/\/www.cascadesflufftuff.com\/wp-content\/uploads\/2020\/04\/logo-cascades-fluff-tuff-green.svg","width":1,"height":1,"caption":"Cascades Fluff Tuff"},"image":{"@id":"https:\/\/www.cascadesflufftuff.com\/fr\/#\/schema\/logo\/image\/"},"sameAs":["https:\/\/www.facebook.com\/CascadesFluffTuff\/","https:\/\/www.instagram.com\/cascadesflufftuff\/","https:\/\/www.linkedin.com\/company\/cascades-fluff-tuff\/about\/","https:\/\/www.youtube.com\/channel\/UCZDi5i4ypQNsbbfaltRly8w","https:\/\/fr.wikipedia.org\/wiki\/Cascades_(entreprise)"]}]}},"_links":{"self":[{"href":"https:\/\/www.cascadesflufftuff.com\/fr\/wp-json\/wp\/v2\/pages\/273","targetHints":{"allow":["GET"]}}],"collection":[{"href":"https:\/\/www.cascadesflufftuff.com\/fr\/wp-json\/wp\/v2\/pages"}],"about":[{"href":"https:\/\/www.cascadesflufftuff.com\/fr\/wp-json\/wp\/v2\/types\/page"}],"author":[{"embeddable":true,"href":"https:\/\/www.cascadesflufftuff.com\/fr\/wp-json\/wp\/v2\/users\/2"}],"replies":[{"embeddable":true,"href":"https:\/\/www.cascadesflufftuff.com\/fr\/wp-json\/wp\/v2\/comments?post=273"}],"version-history":[{"count":30,"href":"https:\/\/www.cascadesflufftuff.com\/fr\/wp-json\/wp\/v2\/pages\/273\/revisions"}],"predecessor-version":[{"id":18789,"href":"https:\/\/www.cascadesflufftuff.com\/fr\/wp-json\/wp\/v2\/pages\/273\/revisions\/18789"}],"wp:featuredmedia":[{"embeddable":true,"href":"https:\/\/www.cascadesflufftuff.com\/fr\/wp-json\/wp\/v2\/media\/15442"}],"wp:attachment":[{"href":"https:\/\/www.cascadesflufftuff.com\/fr\/wp-json\/wp\/v2\/media?parent=273"}],"wp:term":[{"taxonomy":"type_de_page","embeddable":true,"href":"https:\/\/www.cascadesflufftuff.com\/fr\/wp-json\/wp\/v2\/type_de_page?post=273"}],"curies":[{"name":"wp","href":"https:\/\/api.w.org\/{rel}","templated":true}]}}