{"id":269,"date":"2021-02-10T16:29:19","date_gmt":"2021-02-10T21:29:19","guid":{"rendered":"https:\/\/www.cascadesflufftuff.com\/emballages-recycles-et-recyclables\/"},"modified":"2024-07-03T09:20:44","modified_gmt":"2024-07-03T13:20:44","slug":"emballages-recycles","status":"publish","type":"page","link":"https:\/\/www.cascadesflufftuff.com\/fr\/emballages-recycles","title":{"rendered":"Emballages recycl\u00e9s"},"content":{"rendered":"","protected":false},"excerpt":{"rendered":"","protected":false},"author":2,"featured_media":12794,"parent":0,"menu_order":6,"comment_status":"closed","ping_status":"closed","template":"","meta":{"footnotes":""},"type_de_page":[155],"class_list":["post-269","page","type-page","status-publish","has-post-thumbnail","hentry","type_de_page-emballages-recycles-et-recyclables"],"acf":[],"yoast_head":"<!-- This site is optimized with the Yoast SEO plugin v20.12 - https:\/\/yoast.com\/wordpress\/plugins\/seo\/ -->\n<title>Essuie-tout &amp; Papier Toilette 100% Recycl\u00e9 | Cascades Fluff &amp; Tuff<\/title>\n<meta name=\"description\" content=\"49 millions d\u2019arbres sont sauv\u00e9s gr\u00e2ce \u00e0 l\u2019utilisation de fibres recycl\u00e9es dans le processus de fabrication des produits Cascades Enviro, 100% recyl\u00e9s.\" \/>\n<meta name=\"robots\" content=\"index, follow, max-snippet:-1, max-image-preview:large, max-video-preview:-1\" \/>\n<link rel=\"canonical\" href=\"https:\/\/www.cascadesflufftuff.com\/fr\/emballages-recycles\" \/>\n<meta property=\"og:locale\" content=\"fr_CA\" \/>\n<meta property=\"og:type\" content=\"article\" \/>\n<meta property=\"og:title\" content=\"Essuie-tout &amp; Papier Toilette 100% Recycl\u00e9 | Cascades Fluff &amp; Tuff\" \/>\n<meta property=\"og:description\" content=\"49 millions d\u2019arbres sont sauv\u00e9s gr\u00e2ce \u00e0 l\u2019utilisation de fibres recycl\u00e9es dans le processus de fabrication des produits Cascades Enviro, 100% recyl\u00e9s.\" \/>\n<meta property=\"og:url\" content=\"https:\/\/www.cascadesflufftuff.com\/fr\/emballages-recycles\" \/>\n<meta property=\"og:site_name\" content=\"Cascades Fluff &amp; Tuff\" \/>\n<meta property=\"article:publisher\" content=\"https:\/\/www.facebook.com\/CascadesFluffTuff\/\" \/>\n<meta property=\"article:modified_time\" content=\"2024-07-03T13:20:44+00:00\" \/>\n<meta property=\"og:image\" content=\"https:\/\/www.cascadesflufftuff.com\/wp-content\/uploads\/2021\/08\/cascades-planet-hd.jpg\" \/>\n\t<meta property=\"og:image:width\" content=\"1920\" \/>\n\t<meta property=\"og:image:height\" content=\"700\" \/>\n\t<meta property=\"og:image:type\" content=\"image\/jpeg\" \/>\n<meta name=\"twitter:card\" content=\"summary_large_image\" \/>\n<script type=\"application\/ld+json\" class=\"yoast-schema-graph\">{\"@context\":\"https:\/\/schema.org\",\"@graph\":[{\"@type\":\"WebPage\",\"@id\":\"https:\/\/www.cascadesflufftuff.com\/fr\/emballages-recycles\",\"url\":\"https:\/\/www.cascadesflufftuff.com\/fr\/emballages-recycles\",\"name\":\"Essuie-tout & Papier Toilette 100% Recycl\u00e9 | Cascades Fluff & Tuff\",\"isPartOf\":{\"@id\":\"https:\/\/www.cascadesflufftuff.com\/fr\/#website\"},\"datePublished\":\"2021-02-10T21:29:19+00:00\",\"dateModified\":\"2024-07-03T13:20:44+00:00\",\"description\":\"49 millions d\u2019arbres sont sauv\u00e9s gr\u00e2ce \u00e0 l\u2019utilisation de fibres recycl\u00e9es dans le processus de fabrication des produits Cascades Enviro, 100% recyl\u00e9s.\",\"breadcrumb\":{\"@id\":\"https:\/\/www.cascadesflufftuff.com\/fr\/emballages-recycles#breadcrumb\"},\"inLanguage\":\"fr-CA\",\"potentialAction\":[{\"@type\":\"ReadAction\",\"target\":[\"https:\/\/www.cascadesflufftuff.com\/fr\/emballages-recycles\"]}]},{\"@type\":\"BreadcrumbList\",\"@id\":\"https:\/\/www.cascadesflufftuff.com\/fr\/emballages-recycles#breadcrumb\",\"itemListElement\":[{\"@type\":\"ListItem\",\"position\":1,\"name\":\"Accueil\",\"item\":\"https:\/\/www.cascadesflufftuff.com\/fr\"},{\"@type\":\"ListItem\",\"position\":2,\"name\":\"Emballages recycl\u00e9s\"}]},{\"@type\":\"WebSite\",\"@id\":\"https:\/\/www.cascadesflufftuff.com\/fr\/#website\",\"url\":\"https:\/\/www.cascadesflufftuff.com\/fr\/\",\"name\":\"Cascades Fluff &amp; Tuff\",\"description\":\"Cascades\",\"publisher\":{\"@id\":\"https:\/\/www.cascadesflufftuff.com\/fr\/#organization\"},\"potentialAction\":[{\"@type\":\"SearchAction\",\"target\":{\"@type\":\"EntryPoint\",\"urlTemplate\":\"https:\/\/www.cascadesflufftuff.com\/fr\/?s={search_term_string}\"},\"query-input\":\"required name=search_term_string\"}],\"inLanguage\":\"fr-CA\"},{\"@type\":\"Organization\",\"@id\":\"https:\/\/www.cascadesflufftuff.com\/fr\/#organization\",\"name\":\"Cascades Fluff Tuff\",\"url\":\"https:\/\/www.cascadesflufftuff.com\/fr\/\",\"logo\":{\"@type\":\"ImageObject\",\"inLanguage\":\"fr-CA\",\"@id\":\"https:\/\/www.cascadesflufftuff.com\/fr\/#\/schema\/logo\/image\/\",\"url\":\"https:\/\/www.cascadesflufftuff.com\/wp-content\/uploads\/2020\/04\/logo-cascades-fluff-tuff-green.svg\",\"contentUrl\":\"https:\/\/www.cascadesflufftuff.com\/wp-content\/uploads\/2020\/04\/logo-cascades-fluff-tuff-green.svg\",\"width\":1,\"height\":1,\"caption\":\"Cascades Fluff Tuff\"},\"image\":{\"@id\":\"https:\/\/www.cascadesflufftuff.com\/fr\/#\/schema\/logo\/image\/\"},\"sameAs\":[\"https:\/\/www.facebook.com\/CascadesFluffTuff\/\",\"https:\/\/www.instagram.com\/cascadesflufftuff\/\",\"https:\/\/www.linkedin.com\/company\/cascades-fluff-tuff\/about\/\",\"https:\/\/www.youtube.com\/channel\/UCZDi5i4ypQNsbbfaltRly8w\",\"https:\/\/fr.wikipedia.org\/wiki\/Cascades_(entreprise)\"]}]}<\/script>\n<!-- \/ Yoast SEO plugin. -->","yoast_head_json":{"title":"Essuie-tout & Papier Toilette 100% Recycl\u00e9 | Cascades Fluff & Tuff","description":"49 millions d\u2019arbres sont sauv\u00e9s gr\u00e2ce \u00e0 l\u2019utilisation de fibres recycl\u00e9es dans le processus de fabrication des produits Cascades Enviro, 100% recyl\u00e9s.","robots":{"index":"index","follow":"follow","max-snippet":"max-snippet:-1","max-image-preview":"max-image-preview:large","max-video-preview":"max-video-preview:-1"},"canonical":"https:\/\/www.cascadesflufftuff.com\/fr\/emballages-recycles","og_locale":"fr_CA","og_type":"article","og_title":"Essuie-tout & Papier Toilette 100% Recycl\u00e9 | Cascades Fluff & Tuff","og_description":"49 millions d\u2019arbres sont sauv\u00e9s gr\u00e2ce \u00e0 l\u2019utilisation de fibres recycl\u00e9es dans le processus de fabrication des produits Cascades Enviro, 100% recyl\u00e9s.","og_url":"https:\/\/www.cascadesflufftuff.com\/fr\/emballages-recycles","og_site_name":"Cascades Fluff &amp; Tuff","article_publisher":"https:\/\/www.facebook.com\/CascadesFluffTuff\/","article_modified_time":"2024-07-03T13:20:44+00:00","og_image":[{"width":1920,"height":700,"url":"https:\/\/www.cascadesflufftuff.com\/wp-content\/uploads\/2021\/08\/cascades-planet-hd.jpg","type":"image\/jpeg"}],"twitter_card":"summary_large_image","schema":{"@context":"https:\/\/schema.org","@graph":[{"@type":"WebPage","@id":"https:\/\/www.cascadesflufftuff.com\/fr\/emballages-recycles","url":"https:\/\/www.cascadesflufftuff.com\/fr\/emballages-recycles","name":"Essuie-tout & Papier Toilette 100% Recycl\u00e9 | Cascades Fluff & Tuff","isPartOf":{"@id":"https:\/\/www.cascadesflufftuff.com\/fr\/#website"},"datePublished":"2021-02-10T21:29:19+00:00","dateModified":"2024-07-03T13:20:44+00:00","description":"49 millions d\u2019arbres sont sauv\u00e9s gr\u00e2ce \u00e0 l\u2019utilisation de fibres recycl\u00e9es dans le processus de fabrication des produits Cascades Enviro, 100% recyl\u00e9s.","breadcrumb":{"@id":"https:\/\/www.cascadesflufftuff.com\/fr\/emballages-recycles#breadcrumb"},"inLanguage":"fr-CA","potentialAction":[{"@type":"ReadAction","target":["https:\/\/www.cascadesflufftuff.com\/fr\/emballages-recycles"]}]},{"@type":"BreadcrumbList","@id":"https:\/\/www.cascadesflufftuff.com\/fr\/emballages-recycles#breadcrumb","itemListElement":[{"@type":"ListItem","position":1,"name":"Accueil","item":"https:\/\/www.cascadesflufftuff.com\/fr"},{"@type":"ListItem","position":2,"name":"Emballages recycl\u00e9s"}]},{"@type":"WebSite","@id":"https:\/\/www.cascadesflufftuff.com\/fr\/#website","url":"https:\/\/www.cascadesflufftuff.com\/fr\/","name":"Cascades Fluff &amp; Tuff","description":"Cascades","publisher":{"@id":"https:\/\/www.cascadesflufftuff.com\/fr\/#organization"},"potentialAction":[{"@type":"SearchAction","target":{"@type":"EntryPoint","urlTemplate":"https:\/\/www.cascadesflufftuff.com\/fr\/?s={search_term_string}"},"query-input":"required name=search_term_string"}],"inLanguage":"fr-CA"},{"@type":"Organization","@id":"https:\/\/www.cascadesflufftuff.com\/fr\/#organization","name":"Cascades Fluff Tuff","url":"https:\/\/www.cascadesflufftuff.com\/fr\/","logo":{"@type":"ImageObject","inLanguage":"fr-CA","@id":"https:\/\/www.cascadesflufftuff.com\/fr\/#\/schema\/logo\/image\/","url":"https:\/\/www.cascadesflufftuff.com\/wp-content\/uploads\/2020\/04\/logo-cascades-fluff-tuff-green.svg","contentUrl":"https:\/\/www.cascadesflufftuff.com\/wp-content\/uploads\/2020\/04\/logo-cascades-fluff-tuff-green.svg","width":1,"height":1,"caption":"Cascades Fluff Tuff"},"image":{"@id":"https:\/\/www.cascadesflufftuff.com\/fr\/#\/schema\/logo\/image\/"},"sameAs":["https:\/\/www.facebook.com\/CascadesFluffTuff\/","https:\/\/www.instagram.com\/cascadesflufftuff\/","https:\/\/www.linkedin.com\/company\/cascades-fluff-tuff\/about\/","https:\/\/www.youtube.com\/channel\/UCZDi5i4ypQNsbbfaltRly8w","https:\/\/fr.wikipedia.org\/wiki\/Cascades_(entreprise)"]}]}},"_links":{"self":[{"href":"https:\/\/www.cascadesflufftuff.com\/fr\/wp-json\/wp\/v2\/pages\/269","targetHints":{"allow":["GET"]}}],"collection":[{"href":"https:\/\/www.cascadesflufftuff.com\/fr\/wp-json\/wp\/v2\/pages"}],"about":[{"href":"https:\/\/www.cascadesflufftuff.com\/fr\/wp-json\/wp\/v2\/types\/page"}],"author":[{"embeddable":true,"href":"https:\/\/www.cascadesflufftuff.com\/fr\/wp-json\/wp\/v2\/users\/2"}],"replies":[{"embeddable":true,"href":"https:\/\/www.cascadesflufftuff.com\/fr\/wp-json\/wp\/v2\/comments?post=269"}],"version-history":[{"count":48,"href":"https:\/\/www.cascadesflufftuff.com\/fr\/wp-json\/wp\/v2\/pages\/269\/revisions"}],"predecessor-version":[{"id":17517,"href":"https:\/\/www.cascadesflufftuff.com\/fr\/wp-json\/wp\/v2\/pages\/269\/revisions\/17517"}],"wp:featuredmedia":[{"embeddable":true,"href":"https:\/\/www.cascadesflufftuff.com\/fr\/wp-json\/wp\/v2\/media\/12794"}],"wp:attachment":[{"href":"https:\/\/www.cascadesflufftuff.com\/fr\/wp-json\/wp\/v2\/media?parent=269"}],"wp:term":[{"taxonomy":"type_de_page","embeddable":true,"href":"https:\/\/www.cascadesflufftuff.com\/fr\/wp-json\/wp\/v2\/type_de_page?post=269"}],"curies":[{"name":"wp","href":"https:\/\/api.w.org\/{rel}","templated":true}]}}