{"id":2225,"date":"2021-02-19T15:07:22","date_gmt":"2021-02-19T20:07:22","guid":{"rendered":"https:\/\/www.cascadesflufftuff.com\/?page_id=2225"},"modified":"2025-01-21T10:54:18","modified_gmt":"2025-01-21T15:54:18","slug":"pour-la-societe","status":"publish","type":"page","link":"https:\/\/www.cascadesflufftuff.com\/fr\/pour-la-societe","title":{"rendered":"Pour la soci\u00e9t\u00e9"},"content":{"rendered":"","protected":false},"excerpt":{"rendered":"","protected":false},"author":2,"featured_media":15426,"parent":0,"menu_order":0,"comment_status":"closed","ping_status":"closed","template":"","meta":{"footnotes":""},"type_de_page":[152],"class_list":["post-2225","page","type-page","status-publish","has-post-thumbnail","hentry","type_de_page-pour-la-societe"],"acf":[],"yoast_head":"<!-- This site is optimized with the Yoast SEO plugin v20.12 - https:\/\/yoast.com\/wordpress\/plugins\/seo\/ -->\n<title>Nos engagements pour la soci\u00e9t\u00e9 | Cascades Fluff &amp; Tuff<\/title>\n<meta name=\"description\" content=\"Cascades Fluff &amp; Tuff s&#039;engage activement pour la soci\u00e9t\u00e9. Apprenez-en davantage sur notre soutien \u00e0 la fondation Charles Bruneau et notre programme de collecte de fonds.\" \/>\n<meta name=\"robots\" content=\"index, follow, max-snippet:-1, max-image-preview:large, max-video-preview:-1\" \/>\n<link rel=\"canonical\" href=\"https:\/\/www.cascadesflufftuff.com\/fr\/pour-la-societe\" \/>\n<meta property=\"og:locale\" content=\"fr_CA\" \/>\n<meta property=\"og:type\" content=\"article\" \/>\n<meta property=\"og:title\" content=\"Nos engagements pour la soci\u00e9t\u00e9 | Cascades Fluff &amp; Tuff\" \/>\n<meta property=\"og:description\" content=\"Cascades Fluff &amp; Tuff s&#039;engage activement pour la soci\u00e9t\u00e9. Apprenez-en davantage sur notre soutien \u00e0 la fondation Charles Bruneau et notre programme de collecte de fonds.\" \/>\n<meta property=\"og:url\" content=\"https:\/\/www.cascadesflufftuff.com\/fr\/pour-la-societe\" \/>\n<meta property=\"og:site_name\" content=\"Cascades Fluff &amp; Tuff\" \/>\n<meta property=\"article:publisher\" content=\"https:\/\/www.facebook.com\/CascadesFluffTuff\/\" \/>\n<meta property=\"article:modified_time\" content=\"2025-01-21T15:54:18+00:00\" \/>\n<meta property=\"og:image\" content=\"https:\/\/www.cascadesflufftuff.com\/wp-content\/uploads\/2023\/06\/engagements-pour-la-societe-1024x320-min.jpg\" \/>\n\t<meta property=\"og:image:width\" content=\"1024\" \/>\n\t<meta property=\"og:image:height\" content=\"320\" \/>\n\t<meta property=\"og:image:type\" content=\"image\/jpeg\" \/>\n<meta name=\"twitter:card\" content=\"summary_large_image\" \/>\n<script type=\"application\/ld+json\" class=\"yoast-schema-graph\">{\"@context\":\"https:\/\/schema.org\",\"@graph\":[{\"@type\":\"WebPage\",\"@id\":\"https:\/\/www.cascadesflufftuff.com\/fr\/pour-la-societe\",\"url\":\"https:\/\/www.cascadesflufftuff.com\/fr\/pour-la-societe\",\"name\":\"Nos engagements pour la soci\u00e9t\u00e9 | Cascades Fluff & Tuff\",\"isPartOf\":{\"@id\":\"https:\/\/www.cascadesflufftuff.com\/fr\/#website\"},\"datePublished\":\"2021-02-19T20:07:22+00:00\",\"dateModified\":\"2025-01-21T15:54:18+00:00\",\"description\":\"Cascades Fluff & Tuff s'engage activement pour la soci\u00e9t\u00e9. Apprenez-en davantage sur notre soutien \u00e0 la fondation Charles Bruneau et notre programme de collecte de fonds.\",\"breadcrumb\":{\"@id\":\"https:\/\/www.cascadesflufftuff.com\/fr\/pour-la-societe#breadcrumb\"},\"inLanguage\":\"fr-CA\",\"potentialAction\":[{\"@type\":\"ReadAction\",\"target\":[\"https:\/\/www.cascadesflufftuff.com\/fr\/pour-la-societe\"]}]},{\"@type\":\"BreadcrumbList\",\"@id\":\"https:\/\/www.cascadesflufftuff.com\/fr\/pour-la-societe#breadcrumb\",\"itemListElement\":[{\"@type\":\"ListItem\",\"position\":1,\"name\":\"Accueil\",\"item\":\"https:\/\/www.cascadesflufftuff.com\/fr\"},{\"@type\":\"ListItem\",\"position\":2,\"name\":\"Pour la soci\u00e9t\u00e9\"}]},{\"@type\":\"WebSite\",\"@id\":\"https:\/\/www.cascadesflufftuff.com\/fr\/#website\",\"url\":\"https:\/\/www.cascadesflufftuff.com\/fr\/\",\"name\":\"Cascades Fluff &amp; Tuff\",\"description\":\"Cascades\",\"publisher\":{\"@id\":\"https:\/\/www.cascadesflufftuff.com\/fr\/#organization\"},\"potentialAction\":[{\"@type\":\"SearchAction\",\"target\":{\"@type\":\"EntryPoint\",\"urlTemplate\":\"https:\/\/www.cascadesflufftuff.com\/fr\/?s={search_term_string}\"},\"query-input\":\"required name=search_term_string\"}],\"inLanguage\":\"fr-CA\"},{\"@type\":\"Organization\",\"@id\":\"https:\/\/www.cascadesflufftuff.com\/fr\/#organization\",\"name\":\"Cascades Fluff Tuff\",\"url\":\"https:\/\/www.cascadesflufftuff.com\/fr\/\",\"logo\":{\"@type\":\"ImageObject\",\"inLanguage\":\"fr-CA\",\"@id\":\"https:\/\/www.cascadesflufftuff.com\/fr\/#\/schema\/logo\/image\/\",\"url\":\"https:\/\/www.cascadesflufftuff.com\/wp-content\/uploads\/2020\/04\/logo-cascades-fluff-tuff-green.svg\",\"contentUrl\":\"https:\/\/www.cascadesflufftuff.com\/wp-content\/uploads\/2020\/04\/logo-cascades-fluff-tuff-green.svg\",\"width\":1,\"height\":1,\"caption\":\"Cascades Fluff Tuff\"},\"image\":{\"@id\":\"https:\/\/www.cascadesflufftuff.com\/fr\/#\/schema\/logo\/image\/\"},\"sameAs\":[\"https:\/\/www.facebook.com\/CascadesFluffTuff\/\",\"https:\/\/www.instagram.com\/cascadesflufftuff\/\",\"https:\/\/www.linkedin.com\/company\/cascades-fluff-tuff\/about\/\",\"https:\/\/www.youtube.com\/channel\/UCZDi5i4ypQNsbbfaltRly8w\",\"https:\/\/fr.wikipedia.org\/wiki\/Cascades_(entreprise)\"]}]}<\/script>\n<!-- \/ Yoast SEO plugin. -->","yoast_head_json":{"title":"Nos engagements pour la soci\u00e9t\u00e9 | Cascades Fluff & Tuff","description":"Cascades Fluff & Tuff s'engage activement pour la soci\u00e9t\u00e9. Apprenez-en davantage sur notre soutien \u00e0 la fondation Charles Bruneau et notre programme de collecte de fonds.","robots":{"index":"index","follow":"follow","max-snippet":"max-snippet:-1","max-image-preview":"max-image-preview:large","max-video-preview":"max-video-preview:-1"},"canonical":"https:\/\/www.cascadesflufftuff.com\/fr\/pour-la-societe","og_locale":"fr_CA","og_type":"article","og_title":"Nos engagements pour la soci\u00e9t\u00e9 | Cascades Fluff & Tuff","og_description":"Cascades Fluff & Tuff s'engage activement pour la soci\u00e9t\u00e9. Apprenez-en davantage sur notre soutien \u00e0 la fondation Charles Bruneau et notre programme de collecte de fonds.","og_url":"https:\/\/www.cascadesflufftuff.com\/fr\/pour-la-societe","og_site_name":"Cascades Fluff &amp; Tuff","article_publisher":"https:\/\/www.facebook.com\/CascadesFluffTuff\/","article_modified_time":"2025-01-21T15:54:18+00:00","og_image":[{"width":1024,"height":320,"url":"https:\/\/www.cascadesflufftuff.com\/wp-content\/uploads\/2023\/06\/engagements-pour-la-societe-1024x320-min.jpg","type":"image\/jpeg"}],"twitter_card":"summary_large_image","schema":{"@context":"https:\/\/schema.org","@graph":[{"@type":"WebPage","@id":"https:\/\/www.cascadesflufftuff.com\/fr\/pour-la-societe","url":"https:\/\/www.cascadesflufftuff.com\/fr\/pour-la-societe","name":"Nos engagements pour la soci\u00e9t\u00e9 | Cascades Fluff & Tuff","isPartOf":{"@id":"https:\/\/www.cascadesflufftuff.com\/fr\/#website"},"datePublished":"2021-02-19T20:07:22+00:00","dateModified":"2025-01-21T15:54:18+00:00","description":"Cascades Fluff & Tuff s'engage activement pour la soci\u00e9t\u00e9. Apprenez-en davantage sur notre soutien \u00e0 la fondation Charles Bruneau et notre programme de collecte de fonds.","breadcrumb":{"@id":"https:\/\/www.cascadesflufftuff.com\/fr\/pour-la-societe#breadcrumb"},"inLanguage":"fr-CA","potentialAction":[{"@type":"ReadAction","target":["https:\/\/www.cascadesflufftuff.com\/fr\/pour-la-societe"]}]},{"@type":"BreadcrumbList","@id":"https:\/\/www.cascadesflufftuff.com\/fr\/pour-la-societe#breadcrumb","itemListElement":[{"@type":"ListItem","position":1,"name":"Accueil","item":"https:\/\/www.cascadesflufftuff.com\/fr"},{"@type":"ListItem","position":2,"name":"Pour la soci\u00e9t\u00e9"}]},{"@type":"WebSite","@id":"https:\/\/www.cascadesflufftuff.com\/fr\/#website","url":"https:\/\/www.cascadesflufftuff.com\/fr\/","name":"Cascades Fluff &amp; Tuff","description":"Cascades","publisher":{"@id":"https:\/\/www.cascadesflufftuff.com\/fr\/#organization"},"potentialAction":[{"@type":"SearchAction","target":{"@type":"EntryPoint","urlTemplate":"https:\/\/www.cascadesflufftuff.com\/fr\/?s={search_term_string}"},"query-input":"required name=search_term_string"}],"inLanguage":"fr-CA"},{"@type":"Organization","@id":"https:\/\/www.cascadesflufftuff.com\/fr\/#organization","name":"Cascades Fluff Tuff","url":"https:\/\/www.cascadesflufftuff.com\/fr\/","logo":{"@type":"ImageObject","inLanguage":"fr-CA","@id":"https:\/\/www.cascadesflufftuff.com\/fr\/#\/schema\/logo\/image\/","url":"https:\/\/www.cascadesflufftuff.com\/wp-content\/uploads\/2020\/04\/logo-cascades-fluff-tuff-green.svg","contentUrl":"https:\/\/www.cascadesflufftuff.com\/wp-content\/uploads\/2020\/04\/logo-cascades-fluff-tuff-green.svg","width":1,"height":1,"caption":"Cascades Fluff Tuff"},"image":{"@id":"https:\/\/www.cascadesflufftuff.com\/fr\/#\/schema\/logo\/image\/"},"sameAs":["https:\/\/www.facebook.com\/CascadesFluffTuff\/","https:\/\/www.instagram.com\/cascadesflufftuff\/","https:\/\/www.linkedin.com\/company\/cascades-fluff-tuff\/about\/","https:\/\/www.youtube.com\/channel\/UCZDi5i4ypQNsbbfaltRly8w","https:\/\/fr.wikipedia.org\/wiki\/Cascades_(entreprise)"]}]}},"_links":{"self":[{"href":"https:\/\/www.cascadesflufftuff.com\/fr\/wp-json\/wp\/v2\/pages\/2225","targetHints":{"allow":["GET"]}}],"collection":[{"href":"https:\/\/www.cascadesflufftuff.com\/fr\/wp-json\/wp\/v2\/pages"}],"about":[{"href":"https:\/\/www.cascadesflufftuff.com\/fr\/wp-json\/wp\/v2\/types\/page"}],"author":[{"embeddable":true,"href":"https:\/\/www.cascadesflufftuff.com\/fr\/wp-json\/wp\/v2\/users\/2"}],"replies":[{"embeddable":true,"href":"https:\/\/www.cascadesflufftuff.com\/fr\/wp-json\/wp\/v2\/comments?post=2225"}],"version-history":[{"count":12,"href":"https:\/\/www.cascadesflufftuff.com\/fr\/wp-json\/wp\/v2\/pages\/2225\/revisions"}],"predecessor-version":[{"id":17905,"href":"https:\/\/www.cascadesflufftuff.com\/fr\/wp-json\/wp\/v2\/pages\/2225\/revisions\/17905"}],"wp:featuredmedia":[{"embeddable":true,"href":"https:\/\/www.cascadesflufftuff.com\/fr\/wp-json\/wp\/v2\/media\/15426"}],"wp:attachment":[{"href":"https:\/\/www.cascadesflufftuff.com\/fr\/wp-json\/wp\/v2\/media?parent=2225"}],"wp:term":[{"taxonomy":"type_de_page","embeddable":true,"href":"https:\/\/www.cascadesflufftuff.com\/fr\/wp-json\/wp\/v2\/type_de_page?post=2225"}],"curies":[{"name":"wp","href":"https:\/\/api.w.org\/{rel}","templated":true}]}}