{"id":16444,"date":"2023-12-12T11:54:05","date_gmt":"2023-12-12T16:54:05","guid":{"rendered":"https:\/\/www.cascadesflufftuff.com\/?page_id=16444"},"modified":"2026-04-10T15:56:58","modified_gmt":"2026-04-10T19:56:58","slug":"pour-la-planete","status":"publish","type":"page","link":"https:\/\/www.cascadesflufftuff.com\/fr\/pour-la-planete","title":{"rendered":"Pour la plan\u00e8te"},"content":{"rendered":"","protected":false},"excerpt":{"rendered":"","protected":false},"author":2,"featured_media":16629,"parent":0,"menu_order":0,"comment_status":"closed","ping_status":"closed","template":"","meta":{"footnotes":""},"type_de_page":[264],"class_list":["post-16444","page","type-page","status-publish","has-post-thumbnail","hentry","type_de_page-planete"],"acf":[],"yoast_head":"<!-- This site is optimized with the Yoast SEO plugin v20.12 - https:\/\/yoast.com\/wordpress\/plugins\/seo\/ -->\n<title>R\u00e9duire son empreinte \u00e9cologique | Cascades Fluff &amp; Tuff<\/title>\n<meta name=\"description\" content=\"Nos papiers hygi\u00e9niques et essuie-tout vous aident \u00e0 faire une diff\u00e9rence pour l&#039;environnement. D\u00e9couvrez comment on s&#039;implique pour la plan\u00e8te.\" \/>\n<meta name=\"robots\" content=\"index, follow, max-snippet:-1, max-image-preview:large, max-video-preview:-1\" \/>\n<link rel=\"canonical\" href=\"https:\/\/www.cascadesflufftuff.com\/fr\/pour-la-planete\" \/>\n<meta property=\"og:locale\" content=\"fr_CA\" \/>\n<meta property=\"og:type\" content=\"article\" \/>\n<meta property=\"og:title\" content=\"R\u00e9duire son empreinte \u00e9cologique | Cascades Fluff &amp; Tuff\" \/>\n<meta property=\"og:description\" content=\"Nos papiers hygi\u00e9niques et essuie-tout vous aident \u00e0 faire une diff\u00e9rence pour l&#039;environnement. D\u00e9couvrez comment on s&#039;implique pour la plan\u00e8te.\" \/>\n<meta property=\"og:url\" content=\"https:\/\/www.cascadesflufftuff.com\/fr\/pour-la-planete\" \/>\n<meta property=\"og:site_name\" content=\"Cascades Fluff &amp; Tuff\" \/>\n<meta property=\"article:publisher\" content=\"https:\/\/www.facebook.com\/CascadesFluffTuff\/\" \/>\n<meta property=\"article:modified_time\" content=\"2026-04-10T19:56:58+00:00\" \/>\n<meta property=\"og:image\" content=\"https:\/\/www.cascadesflufftuff.com\/wp-content\/uploads\/2023\/12\/pour-la-planete-hero.jpg\" \/>\n\t<meta property=\"og:image:width\" content=\"1920\" \/>\n\t<meta property=\"og:image:height\" content=\"500\" \/>\n\t<meta property=\"og:image:type\" content=\"image\/jpeg\" \/>\n<meta name=\"twitter:card\" content=\"summary_large_image\" \/>\n<script type=\"application\/ld+json\" class=\"yoast-schema-graph\">{\"@context\":\"https:\/\/schema.org\",\"@graph\":[{\"@type\":\"WebPage\",\"@id\":\"https:\/\/www.cascadesflufftuff.com\/fr\/pour-la-planete\",\"url\":\"https:\/\/www.cascadesflufftuff.com\/fr\/pour-la-planete\",\"name\":\"R\u00e9duire son empreinte \u00e9cologique | Cascades Fluff & Tuff\",\"isPartOf\":{\"@id\":\"https:\/\/www.cascadesflufftuff.com\/fr\/#website\"},\"datePublished\":\"2023-12-12T16:54:05+00:00\",\"dateModified\":\"2026-04-10T19:56:58+00:00\",\"description\":\"Nos papiers hygi\u00e9niques et essuie-tout vous aident \u00e0 faire une diff\u00e9rence pour l'environnement. D\u00e9couvrez comment on s'implique pour la plan\u00e8te.\",\"breadcrumb\":{\"@id\":\"https:\/\/www.cascadesflufftuff.com\/fr\/pour-la-planete#breadcrumb\"},\"inLanguage\":\"fr-CA\",\"potentialAction\":[{\"@type\":\"ReadAction\",\"target\":[\"https:\/\/www.cascadesflufftuff.com\/fr\/pour-la-planete\"]}]},{\"@type\":\"BreadcrumbList\",\"@id\":\"https:\/\/www.cascadesflufftuff.com\/fr\/pour-la-planete#breadcrumb\",\"itemListElement\":[{\"@type\":\"ListItem\",\"position\":1,\"name\":\"Accueil\",\"item\":\"https:\/\/www.cascadesflufftuff.com\/fr\"},{\"@type\":\"ListItem\",\"position\":2,\"name\":\"Pour la plan\u00e8te\"}]},{\"@type\":\"WebSite\",\"@id\":\"https:\/\/www.cascadesflufftuff.com\/fr\/#website\",\"url\":\"https:\/\/www.cascadesflufftuff.com\/fr\/\",\"name\":\"Cascades Fluff &amp; Tuff\",\"description\":\"Cascades\",\"publisher\":{\"@id\":\"https:\/\/www.cascadesflufftuff.com\/fr\/#organization\"},\"potentialAction\":[{\"@type\":\"SearchAction\",\"target\":{\"@type\":\"EntryPoint\",\"urlTemplate\":\"https:\/\/www.cascadesflufftuff.com\/fr\/?s={search_term_string}\"},\"query-input\":\"required name=search_term_string\"}],\"inLanguage\":\"fr-CA\"},{\"@type\":\"Organization\",\"@id\":\"https:\/\/www.cascadesflufftuff.com\/fr\/#organization\",\"name\":\"Cascades Fluff Tuff\",\"url\":\"https:\/\/www.cascadesflufftuff.com\/fr\/\",\"logo\":{\"@type\":\"ImageObject\",\"inLanguage\":\"fr-CA\",\"@id\":\"https:\/\/www.cascadesflufftuff.com\/fr\/#\/schema\/logo\/image\/\",\"url\":\"https:\/\/www.cascadesflufftuff.com\/wp-content\/uploads\/2020\/04\/logo-cascades-fluff-tuff-green.svg\",\"contentUrl\":\"https:\/\/www.cascadesflufftuff.com\/wp-content\/uploads\/2020\/04\/logo-cascades-fluff-tuff-green.svg\",\"width\":1,\"height\":1,\"caption\":\"Cascades Fluff Tuff\"},\"image\":{\"@id\":\"https:\/\/www.cascadesflufftuff.com\/fr\/#\/schema\/logo\/image\/\"},\"sameAs\":[\"https:\/\/www.facebook.com\/CascadesFluffTuff\/\",\"https:\/\/www.instagram.com\/cascadesflufftuff\/\",\"https:\/\/www.linkedin.com\/company\/cascades-fluff-tuff\/about\/\",\"https:\/\/www.youtube.com\/channel\/UCZDi5i4ypQNsbbfaltRly8w\",\"https:\/\/fr.wikipedia.org\/wiki\/Cascades_(entreprise)\"]}]}<\/script>\n<!-- \/ Yoast SEO plugin. -->","yoast_head_json":{"title":"R\u00e9duire son empreinte \u00e9cologique | Cascades Fluff & Tuff","description":"Nos papiers hygi\u00e9niques et essuie-tout vous aident \u00e0 faire une diff\u00e9rence pour l'environnement. D\u00e9couvrez comment on s'implique pour la plan\u00e8te.","robots":{"index":"index","follow":"follow","max-snippet":"max-snippet:-1","max-image-preview":"max-image-preview:large","max-video-preview":"max-video-preview:-1"},"canonical":"https:\/\/www.cascadesflufftuff.com\/fr\/pour-la-planete","og_locale":"fr_CA","og_type":"article","og_title":"R\u00e9duire son empreinte \u00e9cologique | Cascades Fluff & Tuff","og_description":"Nos papiers hygi\u00e9niques et essuie-tout vous aident \u00e0 faire une diff\u00e9rence pour l'environnement. D\u00e9couvrez comment on s'implique pour la plan\u00e8te.","og_url":"https:\/\/www.cascadesflufftuff.com\/fr\/pour-la-planete","og_site_name":"Cascades Fluff &amp; Tuff","article_publisher":"https:\/\/www.facebook.com\/CascadesFluffTuff\/","article_modified_time":"2026-04-10T19:56:58+00:00","og_image":[{"width":1920,"height":500,"url":"https:\/\/www.cascadesflufftuff.com\/wp-content\/uploads\/2023\/12\/pour-la-planete-hero.jpg","type":"image\/jpeg"}],"twitter_card":"summary_large_image","schema":{"@context":"https:\/\/schema.org","@graph":[{"@type":"WebPage","@id":"https:\/\/www.cascadesflufftuff.com\/fr\/pour-la-planete","url":"https:\/\/www.cascadesflufftuff.com\/fr\/pour-la-planete","name":"R\u00e9duire son empreinte \u00e9cologique | Cascades Fluff & Tuff","isPartOf":{"@id":"https:\/\/www.cascadesflufftuff.com\/fr\/#website"},"datePublished":"2023-12-12T16:54:05+00:00","dateModified":"2026-04-10T19:56:58+00:00","description":"Nos papiers hygi\u00e9niques et essuie-tout vous aident \u00e0 faire une diff\u00e9rence pour l'environnement. D\u00e9couvrez comment on s'implique pour la plan\u00e8te.","breadcrumb":{"@id":"https:\/\/www.cascadesflufftuff.com\/fr\/pour-la-planete#breadcrumb"},"inLanguage":"fr-CA","potentialAction":[{"@type":"ReadAction","target":["https:\/\/www.cascadesflufftuff.com\/fr\/pour-la-planete"]}]},{"@type":"BreadcrumbList","@id":"https:\/\/www.cascadesflufftuff.com\/fr\/pour-la-planete#breadcrumb","itemListElement":[{"@type":"ListItem","position":1,"name":"Accueil","item":"https:\/\/www.cascadesflufftuff.com\/fr"},{"@type":"ListItem","position":2,"name":"Pour la plan\u00e8te"}]},{"@type":"WebSite","@id":"https:\/\/www.cascadesflufftuff.com\/fr\/#website","url":"https:\/\/www.cascadesflufftuff.com\/fr\/","name":"Cascades Fluff &amp; Tuff","description":"Cascades","publisher":{"@id":"https:\/\/www.cascadesflufftuff.com\/fr\/#organization"},"potentialAction":[{"@type":"SearchAction","target":{"@type":"EntryPoint","urlTemplate":"https:\/\/www.cascadesflufftuff.com\/fr\/?s={search_term_string}"},"query-input":"required name=search_term_string"}],"inLanguage":"fr-CA"},{"@type":"Organization","@id":"https:\/\/www.cascadesflufftuff.com\/fr\/#organization","name":"Cascades Fluff Tuff","url":"https:\/\/www.cascadesflufftuff.com\/fr\/","logo":{"@type":"ImageObject","inLanguage":"fr-CA","@id":"https:\/\/www.cascadesflufftuff.com\/fr\/#\/schema\/logo\/image\/","url":"https:\/\/www.cascadesflufftuff.com\/wp-content\/uploads\/2020\/04\/logo-cascades-fluff-tuff-green.svg","contentUrl":"https:\/\/www.cascadesflufftuff.com\/wp-content\/uploads\/2020\/04\/logo-cascades-fluff-tuff-green.svg","width":1,"height":1,"caption":"Cascades Fluff Tuff"},"image":{"@id":"https:\/\/www.cascadesflufftuff.com\/fr\/#\/schema\/logo\/image\/"},"sameAs":["https:\/\/www.facebook.com\/CascadesFluffTuff\/","https:\/\/www.instagram.com\/cascadesflufftuff\/","https:\/\/www.linkedin.com\/company\/cascades-fluff-tuff\/about\/","https:\/\/www.youtube.com\/channel\/UCZDi5i4ypQNsbbfaltRly8w","https:\/\/fr.wikipedia.org\/wiki\/Cascades_(entreprise)"]}]}},"_links":{"self":[{"href":"https:\/\/www.cascadesflufftuff.com\/fr\/wp-json\/wp\/v2\/pages\/16444","targetHints":{"allow":["GET"]}}],"collection":[{"href":"https:\/\/www.cascadesflufftuff.com\/fr\/wp-json\/wp\/v2\/pages"}],"about":[{"href":"https:\/\/www.cascadesflufftuff.com\/fr\/wp-json\/wp\/v2\/types\/page"}],"author":[{"embeddable":true,"href":"https:\/\/www.cascadesflufftuff.com\/fr\/wp-json\/wp\/v2\/users\/2"}],"replies":[{"embeddable":true,"href":"https:\/\/www.cascadesflufftuff.com\/fr\/wp-json\/wp\/v2\/comments?post=16444"}],"version-history":[{"count":101,"href":"https:\/\/www.cascadesflufftuff.com\/fr\/wp-json\/wp\/v2\/pages\/16444\/revisions"}],"predecessor-version":[{"id":19312,"href":"https:\/\/www.cascadesflufftuff.com\/fr\/wp-json\/wp\/v2\/pages\/16444\/revisions\/19312"}],"wp:featuredmedia":[{"embeddable":true,"href":"https:\/\/www.cascadesflufftuff.com\/fr\/wp-json\/wp\/v2\/media\/16629"}],"wp:attachment":[{"href":"https:\/\/www.cascadesflufftuff.com\/fr\/wp-json\/wp\/v2\/media?parent=16444"}],"wp:term":[{"taxonomy":"type_de_page","embeddable":true,"href":"https:\/\/www.cascadesflufftuff.com\/fr\/wp-json\/wp\/v2\/type_de_page?post=16444"}],"curies":[{"name":"wp","href":"https:\/\/api.w.org\/{rel}","templated":true}]}}