{"id":16081,"date":"2023-11-27T09:00:00","date_gmt":"2023-11-27T14:00:00","guid":{"rendered":"https:\/\/www.cascadesflufftuff.com\/?page_id=16081"},"modified":"2023-12-21T10:44:16","modified_gmt":"2023-12-21T15:44:16","slug":"illuminez-votre-soiree-avec-cascades-fluff-tuff","status":"publish","type":"page","link":"https:\/\/www.cascadesflufftuff.com\/fr\/illuminez-votre-soiree-avec-cascades-fluff-tuff","title":{"rendered":"Illuminez votre soir\u00e9e avec Cascades Fluff &#038; Tuff\u00ae"},"content":{"rendered":"\n<h2 class=\"wp-block-heading has-text-align-center\">Illuminez votre soir\u00e9e avec Cascades Fluff &amp; Tuff<sup>\u00ae<\/sup><\/h2>\n\n\n\n<p class=\"has-text-align-center\"><strong>Concours en vigueur du 27 novembre au 1<sup>er<\/sup> d\u00e9cembre 2023<\/strong><\/p>\n\n\n\n<div style=\"height:30px\" aria-hidden=\"true\" class=\"wp-block-spacer\"><\/div>\n\n\n\n<div class=\"wp-block-buttons is-content-justification-center is-layout-flex wp-container-core-buttons-is-layout-16018d1d wp-block-buttons-is-layout-flex\">\n<div class=\"wp-block-button is-style-fill\"><a class=\"wp-block-button__link has-white-color has-text-color has-background has-text-align-center wp-element-button\" href=\"https:\/\/www.cascadesflufftuff.com\/wp-content\/uploads\/2023\/11\/Concours-Cascades-Illumi-Reglements-du-concours_VF_FRA.pdf\" style=\"background-color:#84bd00\" target=\"_blank\" rel=\"noreferrer noopener\"><strong>R\u00e8glements<\/strong><\/a><\/div>\n<\/div>\n\n\n\n<div style=\"height:30px\" aria-hidden=\"true\" class=\"wp-block-spacer\"><\/div>\n\n\n\n<p class=\"has-text-align-left\">Afin d&rsquo;exprimer notre gratitude envers vous, fid\u00e8les abonn\u00e9s \u00e0 l&rsquo;infolettre, nous vous offrons l&rsquo;opportunit\u00e9 de participer \u00e0 un concours exclusif pour remporter une soir\u00e9e m\u00e9morable \u00e0 Illumi Laval.<\/p>\n\n\n\n<p class=\"has-text-align-left\">Participez d\u00e8s maintenant en remplissant notre formulaire afin de courir la chance de gagner l\u2019un des deux lots de 4 billets, d\u2019une valeur approximative de 139,80$ chacun*. C&rsquo;est l\u2019occasion id\u00e9ale pour profiter du monde f\u00e9\u00e9rique d&rsquo;Illumi avec toute la famille !<\/p>\n\n\n\n<div style=\"height:15px\" aria-hidden=\"true\" class=\"wp-block-spacer\"><\/div>\n\n\n<div class=\"wp-block-image\">\n<figure class=\"aligncenter size-large is-resized\"><img fetchpriority=\"high\" decoding=\"async\" src=\"https:\/\/www.cascadesflufftuff.com\/wp-content\/uploads\/2023\/10\/Concours-Illuminez_CASC_600x260-1024x444.jpg\" alt=\"\" class=\"wp-image-16265\" width=\"572\" height=\"248\" srcset=\"https:\/\/www.cascadesflufftuff.com\/wp-content\/uploads\/2023\/10\/Concours-Illuminez_CASC_600x260-1024x444.jpg 1024w, https:\/\/www.cascadesflufftuff.com\/wp-content\/uploads\/2023\/10\/Concours-Illuminez_CASC_600x260-300x130.jpg 300w, https:\/\/www.cascadesflufftuff.com\/wp-content\/uploads\/2023\/10\/Concours-Illuminez_CASC_600x260-768x333.jpg 768w, https:\/\/www.cascadesflufftuff.com\/wp-content\/uploads\/2023\/10\/Concours-Illuminez_CASC_600x260-260x113.jpg 260w, https:\/\/www.cascadesflufftuff.com\/wp-content\/uploads\/2023\/10\/Concours-Illuminez_CASC_600x260-180x78.jpg 180w, https:\/\/www.cascadesflufftuff.com\/wp-content\/uploads\/2023\/10\/Concours-Illuminez_CASC_600x260-270x117.jpg 270w, https:\/\/www.cascadesflufftuff.com\/wp-content\/uploads\/2023\/10\/Concours-Illuminez_CASC_600x260-280x121.jpg 280w, https:\/\/www.cascadesflufftuff.com\/wp-content\/uploads\/2023\/10\/Concours-Illuminez_CASC_600x260-81x35.jpg 81w, https:\/\/www.cascadesflufftuff.com\/wp-content\/uploads\/2023\/10\/Concours-Illuminez_CASC_600x260.jpg 1250w\" sizes=\"(max-width: 572px) 100vw, 572px\" \/><\/figure><\/div>\n\n\n<div style=\"height:20px\" aria-hidden=\"true\" class=\"wp-block-spacer\"><\/div>\n\n\n\n<p>De plus, du 15 au 17 d\u00e9cembre, retrouvez-nous \u00e0 la Terre illumin\u00e9e pr\u00e9sent\u00e9e par Cascades Fluff &amp; Tuff<sup>\u00ae<\/sup> et participez \u00e0 notre activit\u00e9 sp\u00e9ciale. Des prix seront en jeu, ne manquez pas \u00e7a! <\/p>\n\n\n\n<div style=\"height:15px\" aria-hidden=\"true\" class=\"wp-block-spacer\"><\/div>\n\n\n\n<p><strong>Le concours est termin\u00e9. F\u00e9licitations \u00e0 nos gagnantes : <\/strong><\/p>\n\n\n\n<ul class=\"wp-block-list\">\n<li>Chantal Faucher <\/li>\n\n\n\n<li>Nancy Cusson<\/li>\n<\/ul>\n\n\n\n<div style=\"height:25px\" aria-hidden=\"true\" class=\"wp-block-spacer\"><\/div>\n\n\n\n<hr class=\"wp-block-separator has-alpha-channel-opacity\"\/>\n\n\n\n<p style=\"font-size:10px\"><sub><em>*Aucun achat requis. Concours se d\u00e9roulant du 27 novembre 2023 (9H00 HE) au 1er d\u00e9cembre 2023 (23H59 HE), pendant les heures d\u2019ouverture. Ouvert aux personnes majeures r\u00e9sidentes au Qu\u00e9bec. Question math\u00e9matique requise. Tirage le 4 d\u00e9cembre 2023 \u00e0 9H00 (HE), au si\u00e8ge social de Cascades Groupe Tissu, une division de Cascades Canada ULC. Deux prix d\u2019une valeur totale approximative de 279,60 $ CAN sont offerts. Chacun des prix \u00e0 une valeur approximative de 139,80 $ CAN et comprend : quatre (4) billets pour un acc\u00e8s d\u2019une journ\u00e9e au site d\u2019Illumi Laval pour l\u2019\u00c9dition Sp\u00e9ciale 2023-2024 d\u2019une valeur approximative de 34,95$ CAN pour chaque billet. Certaines conditions et restrictions s\u2019appliquent. D\u00e9tails et r\u00e8glement au cascadesflufftuff.com.<\/em><\/sub><\/p>\n","protected":false},"excerpt":{"rendered":"<p>Illuminez votre soir\u00e9e avec Cascades Fluff &amp; Tuff\u00ae Concours en vigueur du 27 novembre au 1er d\u00e9cembre 2023 Afin d&rsquo;exprimer notre gratitude envers vous, fid\u00e8les abonn\u00e9s \u00e0 l&rsquo;infolettre, nous vous offrons l&rsquo;opportunit\u00e9 de participer \u00e0 un concours exclusif pour remporter une soir\u00e9e m\u00e9morable \u00e0 Illumi Laval. Participez d\u00e8s maintenant en remplissant notre formulaire afin de [&hellip;]<\/p>\n","protected":false},"author":3,"featured_media":16271,"parent":0,"menu_order":0,"comment_status":"closed","ping_status":"closed","template":"","meta":{"footnotes":""},"type_de_page":[250],"class_list":["post-16081","page","type-page","status-publish","has-post-thumbnail","hentry","type_de_page-contenu-simple"],"acf":[],"yoast_head":"<!-- This site is optimized with the Yoast SEO plugin v20.12 - https:\/\/yoast.com\/wordpress\/plugins\/seo\/ -->\n<title>Illuminez votre soir\u00e9e avec Cascades Fluff &amp; Tuff\u00ae - Cascades Fluff &amp; Tuff<\/title>\n<meta name=\"robots\" content=\"index, follow, max-snippet:-1, max-image-preview:large, max-video-preview:-1\" \/>\n<link rel=\"canonical\" href=\"https:\/\/www.cascadesflufftuff.com\/fr\/illuminez-votre-soiree-avec-cascades-fluff-tuff\" \/>\n<meta property=\"og:locale\" content=\"fr_CA\" \/>\n<meta property=\"og:type\" content=\"article\" \/>\n<meta property=\"og:title\" content=\"Illuminez votre soir\u00e9e avec Cascades Fluff &amp; Tuff\u00ae - Cascades Fluff &amp; Tuff\" \/>\n<meta property=\"og:description\" content=\"Illuminez votre soir\u00e9e avec Cascades Fluff &amp; Tuff\u00ae Concours en vigueur du 27 novembre au 1er d\u00e9cembre 2023 Afin d&rsquo;exprimer notre gratitude envers vous, fid\u00e8les abonn\u00e9s \u00e0 l&rsquo;infolettre, nous vous offrons l&rsquo;opportunit\u00e9 de participer \u00e0 un concours exclusif pour remporter une soir\u00e9e m\u00e9morable \u00e0 Illumi Laval. Participez d\u00e8s maintenant en remplissant notre formulaire afin de [&hellip;]\" \/>\n<meta property=\"og:url\" content=\"https:\/\/www.cascadesflufftuff.com\/fr\/illuminez-votre-soiree-avec-cascades-fluff-tuff\" \/>\n<meta property=\"og:site_name\" content=\"Cascades Fluff &amp; Tuff\" \/>\n<meta property=\"article:publisher\" content=\"https:\/\/www.facebook.com\/CascadesFluffTuff\/\" \/>\n<meta property=\"article:modified_time\" content=\"2023-12-21T15:44:16+00:00\" \/>\n<meta property=\"og:image\" content=\"https:\/\/www.cascadesflufftuff.com\/wp-content\/uploads\/2023\/10\/Concours-Illuminez_CASC_1600x400-scaled.jpg\" \/>\n\t<meta property=\"og:image:width\" content=\"2560\" \/>\n\t<meta property=\"og:image:height\" content=\"640\" \/>\n\t<meta property=\"og:image:type\" content=\"image\/jpeg\" \/>\n<meta name=\"twitter:card\" content=\"summary_large_image\" \/>\n<meta name=\"twitter:label1\" content=\"Estimation du temps de lecture\" \/>\n\t<meta name=\"twitter:data1\" content=\"2 minutes\" \/>\n<script type=\"application\/ld+json\" class=\"yoast-schema-graph\">{\"@context\":\"https:\/\/schema.org\",\"@graph\":[{\"@type\":\"WebPage\",\"@id\":\"https:\/\/www.cascadesflufftuff.com\/fr\/illuminez-votre-soiree-avec-cascades-fluff-tuff\",\"url\":\"https:\/\/www.cascadesflufftuff.com\/fr\/illuminez-votre-soiree-avec-cascades-fluff-tuff\",\"name\":\"Illuminez votre soir\u00e9e avec Cascades Fluff & Tuff\u00ae - Cascades Fluff &amp; Tuff\",\"isPartOf\":{\"@id\":\"https:\/\/www.cascadesflufftuff.com\/fr\/#website\"},\"datePublished\":\"2023-11-27T14:00:00+00:00\",\"dateModified\":\"2023-12-21T15:44:16+00:00\",\"breadcrumb\":{\"@id\":\"https:\/\/www.cascadesflufftuff.com\/fr\/illuminez-votre-soiree-avec-cascades-fluff-tuff#breadcrumb\"},\"inLanguage\":\"fr-CA\",\"potentialAction\":[{\"@type\":\"ReadAction\",\"target\":[\"https:\/\/www.cascadesflufftuff.com\/fr\/illuminez-votre-soiree-avec-cascades-fluff-tuff\"]}]},{\"@type\":\"BreadcrumbList\",\"@id\":\"https:\/\/www.cascadesflufftuff.com\/fr\/illuminez-votre-soiree-avec-cascades-fluff-tuff#breadcrumb\",\"itemListElement\":[{\"@type\":\"ListItem\",\"position\":1,\"name\":\"Accueil\",\"item\":\"https:\/\/www.cascadesflufftuff.com\/fr\"},{\"@type\":\"ListItem\",\"position\":2,\"name\":\"Illuminez votre soir\u00e9e avec Cascades Fluff &#038; Tuff\u00ae\"}]},{\"@type\":\"WebSite\",\"@id\":\"https:\/\/www.cascadesflufftuff.com\/fr\/#website\",\"url\":\"https:\/\/www.cascadesflufftuff.com\/fr\/\",\"name\":\"Cascades Fluff &amp; Tuff\",\"description\":\"Cascades\",\"publisher\":{\"@id\":\"https:\/\/www.cascadesflufftuff.com\/fr\/#organization\"},\"potentialAction\":[{\"@type\":\"SearchAction\",\"target\":{\"@type\":\"EntryPoint\",\"urlTemplate\":\"https:\/\/www.cascadesflufftuff.com\/fr\/?s={search_term_string}\"},\"query-input\":\"required name=search_term_string\"}],\"inLanguage\":\"fr-CA\"},{\"@type\":\"Organization\",\"@id\":\"https:\/\/www.cascadesflufftuff.com\/fr\/#organization\",\"name\":\"Cascades Fluff Tuff\",\"url\":\"https:\/\/www.cascadesflufftuff.com\/fr\/\",\"logo\":{\"@type\":\"ImageObject\",\"inLanguage\":\"fr-CA\",\"@id\":\"https:\/\/www.cascadesflufftuff.com\/fr\/#\/schema\/logo\/image\/\",\"url\":\"https:\/\/www.cascadesflufftuff.com\/wp-content\/uploads\/2020\/04\/logo-cascades-fluff-tuff-green.svg\",\"contentUrl\":\"https:\/\/www.cascadesflufftuff.com\/wp-content\/uploads\/2020\/04\/logo-cascades-fluff-tuff-green.svg\",\"width\":1,\"height\":1,\"caption\":\"Cascades Fluff Tuff\"},\"image\":{\"@id\":\"https:\/\/www.cascadesflufftuff.com\/fr\/#\/schema\/logo\/image\/\"},\"sameAs\":[\"https:\/\/www.facebook.com\/CascadesFluffTuff\/\",\"https:\/\/www.instagram.com\/cascadesflufftuff\/\",\"https:\/\/www.linkedin.com\/company\/cascades-fluff-tuff\/about\/\",\"https:\/\/www.youtube.com\/channel\/UCZDi5i4ypQNsbbfaltRly8w\",\"https:\/\/fr.wikipedia.org\/wiki\/Cascades_(entreprise)\"]}]}<\/script>\n<!-- \/ Yoast SEO plugin. -->","yoast_head_json":{"title":"Illuminez votre soir\u00e9e avec Cascades Fluff & Tuff\u00ae - Cascades Fluff &amp; Tuff","robots":{"index":"index","follow":"follow","max-snippet":"max-snippet:-1","max-image-preview":"max-image-preview:large","max-video-preview":"max-video-preview:-1"},"canonical":"https:\/\/www.cascadesflufftuff.com\/fr\/illuminez-votre-soiree-avec-cascades-fluff-tuff","og_locale":"fr_CA","og_type":"article","og_title":"Illuminez votre soir\u00e9e avec Cascades Fluff & Tuff\u00ae - Cascades Fluff &amp; Tuff","og_description":"Illuminez votre soir\u00e9e avec Cascades Fluff &amp; Tuff\u00ae Concours en vigueur du 27 novembre au 1er d\u00e9cembre 2023 Afin d&rsquo;exprimer notre gratitude envers vous, fid\u00e8les abonn\u00e9s \u00e0 l&rsquo;infolettre, nous vous offrons l&rsquo;opportunit\u00e9 de participer \u00e0 un concours exclusif pour remporter une soir\u00e9e m\u00e9morable \u00e0 Illumi Laval. Participez d\u00e8s maintenant en remplissant notre formulaire afin de [&hellip;]","og_url":"https:\/\/www.cascadesflufftuff.com\/fr\/illuminez-votre-soiree-avec-cascades-fluff-tuff","og_site_name":"Cascades Fluff &amp; Tuff","article_publisher":"https:\/\/www.facebook.com\/CascadesFluffTuff\/","article_modified_time":"2023-12-21T15:44:16+00:00","og_image":[{"width":2560,"height":640,"url":"https:\/\/www.cascadesflufftuff.com\/wp-content\/uploads\/2023\/10\/Concours-Illuminez_CASC_1600x400-scaled.jpg","type":"image\/jpeg"}],"twitter_card":"summary_large_image","twitter_misc":{"Estimation du temps de lecture":"2 minutes"},"schema":{"@context":"https:\/\/schema.org","@graph":[{"@type":"WebPage","@id":"https:\/\/www.cascadesflufftuff.com\/fr\/illuminez-votre-soiree-avec-cascades-fluff-tuff","url":"https:\/\/www.cascadesflufftuff.com\/fr\/illuminez-votre-soiree-avec-cascades-fluff-tuff","name":"Illuminez votre soir\u00e9e avec Cascades Fluff & Tuff\u00ae - Cascades Fluff &amp; Tuff","isPartOf":{"@id":"https:\/\/www.cascadesflufftuff.com\/fr\/#website"},"datePublished":"2023-11-27T14:00:00+00:00","dateModified":"2023-12-21T15:44:16+00:00","breadcrumb":{"@id":"https:\/\/www.cascadesflufftuff.com\/fr\/illuminez-votre-soiree-avec-cascades-fluff-tuff#breadcrumb"},"inLanguage":"fr-CA","potentialAction":[{"@type":"ReadAction","target":["https:\/\/www.cascadesflufftuff.com\/fr\/illuminez-votre-soiree-avec-cascades-fluff-tuff"]}]},{"@type":"BreadcrumbList","@id":"https:\/\/www.cascadesflufftuff.com\/fr\/illuminez-votre-soiree-avec-cascades-fluff-tuff#breadcrumb","itemListElement":[{"@type":"ListItem","position":1,"name":"Accueil","item":"https:\/\/www.cascadesflufftuff.com\/fr"},{"@type":"ListItem","position":2,"name":"Illuminez votre soir\u00e9e avec Cascades Fluff &#038; Tuff\u00ae"}]},{"@type":"WebSite","@id":"https:\/\/www.cascadesflufftuff.com\/fr\/#website","url":"https:\/\/www.cascadesflufftuff.com\/fr\/","name":"Cascades Fluff &amp; Tuff","description":"Cascades","publisher":{"@id":"https:\/\/www.cascadesflufftuff.com\/fr\/#organization"},"potentialAction":[{"@type":"SearchAction","target":{"@type":"EntryPoint","urlTemplate":"https:\/\/www.cascadesflufftuff.com\/fr\/?s={search_term_string}"},"query-input":"required name=search_term_string"}],"inLanguage":"fr-CA"},{"@type":"Organization","@id":"https:\/\/www.cascadesflufftuff.com\/fr\/#organization","name":"Cascades Fluff Tuff","url":"https:\/\/www.cascadesflufftuff.com\/fr\/","logo":{"@type":"ImageObject","inLanguage":"fr-CA","@id":"https:\/\/www.cascadesflufftuff.com\/fr\/#\/schema\/logo\/image\/","url":"https:\/\/www.cascadesflufftuff.com\/wp-content\/uploads\/2020\/04\/logo-cascades-fluff-tuff-green.svg","contentUrl":"https:\/\/www.cascadesflufftuff.com\/wp-content\/uploads\/2020\/04\/logo-cascades-fluff-tuff-green.svg","width":1,"height":1,"caption":"Cascades Fluff Tuff"},"image":{"@id":"https:\/\/www.cascadesflufftuff.com\/fr\/#\/schema\/logo\/image\/"},"sameAs":["https:\/\/www.facebook.com\/CascadesFluffTuff\/","https:\/\/www.instagram.com\/cascadesflufftuff\/","https:\/\/www.linkedin.com\/company\/cascades-fluff-tuff\/about\/","https:\/\/www.youtube.com\/channel\/UCZDi5i4ypQNsbbfaltRly8w","https:\/\/fr.wikipedia.org\/wiki\/Cascades_(entreprise)"]}]}},"_links":{"self":[{"href":"https:\/\/www.cascadesflufftuff.com\/fr\/wp-json\/wp\/v2\/pages\/16081","targetHints":{"allow":["GET"]}}],"collection":[{"href":"https:\/\/www.cascadesflufftuff.com\/fr\/wp-json\/wp\/v2\/pages"}],"about":[{"href":"https:\/\/www.cascadesflufftuff.com\/fr\/wp-json\/wp\/v2\/types\/page"}],"author":[{"embeddable":true,"href":"https:\/\/www.cascadesflufftuff.com\/fr\/wp-json\/wp\/v2\/users\/3"}],"replies":[{"embeddable":true,"href":"https:\/\/www.cascadesflufftuff.com\/fr\/wp-json\/wp\/v2\/comments?post=16081"}],"version-history":[{"count":45,"href":"https:\/\/www.cascadesflufftuff.com\/fr\/wp-json\/wp\/v2\/pages\/16081\/revisions"}],"predecessor-version":[{"id":16676,"href":"https:\/\/www.cascadesflufftuff.com\/fr\/wp-json\/wp\/v2\/pages\/16081\/revisions\/16676"}],"wp:featuredmedia":[{"embeddable":true,"href":"https:\/\/www.cascadesflufftuff.com\/fr\/wp-json\/wp\/v2\/media\/16271"}],"wp:attachment":[{"href":"https:\/\/www.cascadesflufftuff.com\/fr\/wp-json\/wp\/v2\/media?parent=16081"}],"wp:term":[{"taxonomy":"type_de_page","embeddable":true,"href":"https:\/\/www.cascadesflufftuff.com\/fr\/wp-json\/wp\/v2\/type_de_page?post=16081"}],"curies":[{"name":"wp","href":"https:\/\/api.w.org\/{rel}","templated":true}]}}